{"id":451,"date":"2023-08-30T10:18:44","date_gmt":"2023-08-30T10:18:44","guid":{"rendered":"https:\/\/ccwb.wpenginepowered.com\/?page_id=451"},"modified":"2023-09-25T03:10:32","modified_gmt":"2023-09-25T08:10:32","slug":"partner-map","status":"publish","type":"page","link":"https:\/\/ccwbe.org\/pl\/partner-map\/","title":{"rendered":"Mapa Partner\u00f3w"},"content":{"rendered":"<p>U\u017cyj poni\u017cszych filtr\u00f3w, aby pozna\u0107 partner\u00f3w ekosystemu CWB. \u201eProjekty CWB\u201d odnosz\u0105 si\u0119 do czterech modeli CWB, kt\u00f3re mo\u017cna posortowa\u0107 wed\u0142ug rodzaju. \u201eDostawcy TA\u201d wspieraj\u0105 projekty CWB. Kliknij ich profile, aby zobaczy\u0107 wi\u0119cej szczeg\u00f3\u0142\u00f3w.<\/p>","protected":false},"excerpt":{"rendered":"<p>U\u017cyj poni\u017cszych filtr\u00f3w, aby pozna\u0107 partner\u00f3w ekosystemu CWB. \u201eProjekty CWB\u201d odnosz\u0105 si\u0119 do czterech modeli CWB, kt\u00f3re mo\u017cna posortowa\u0107 wed\u0142ug rodzaju. \u201eDostawcy TA\u201d wspieraj\u0105 projekty CWB. Kliknij ich profile, aby zobaczy\u0107 wi\u0119cej szczeg\u00f3\u0142\u00f3w.<\/p>","protected":false},"author":1,"featured_media":0,"parent":0,"menu_order":0,"comment_status":"closed","ping_status":"closed","template":"templates\/partner-map.php","meta":{"_acf_changed":false,"footnotes":""},"class_list":["post-451","page","type-page","status-publish","hentry"],"acf":[],"_links":{"self":[{"href":"https:\/\/ccwbe.org\/pl\/wp-json\/wp\/v2\/pages\/451","targetHints":{"allow":["GET"]}}],"collection":[{"href":"https:\/\/ccwbe.org\/pl\/wp-json\/wp\/v2\/pages"}],"about":[{"href":"https:\/\/ccwbe.org\/pl\/wp-json\/wp\/v2\/types\/page"}],"author":[{"embeddable":true,"href":"https:\/\/ccwbe.org\/pl\/wp-json\/wp\/v2\/users\/1"}],"replies":[{"embeddable":true,"href":"https:\/\/ccwbe.org\/pl\/wp-json\/wp\/v2\/comments?post=451"}],"version-history":[{"count":0,"href":"https:\/\/ccwbe.org\/pl\/wp-json\/wp\/v2\/pages\/451\/revisions"}],"wp:attachment":[{"href":"https:\/\/ccwbe.org\/pl\/wp-json\/wp\/v2\/media?parent=451"}],"curies":[{"name":"wp","href":"https:\/\/api.w.org\/{rel}","templated":true}]}}