{"id":3582,"date":"2023-11-09T07:29:36","date_gmt":"2023-11-09T13:29:36","guid":{"rendered":"https:\/\/ccwbe.org\/?page_id=3582"},"modified":"2023-12-19T16:03:45","modified_gmt":"2023-12-19T22:03:45","slug":"our-impact","status":"publish","type":"page","link":"https:\/\/ccwbe.org\/pl\/our-impact\/","title":{"rendered":"Nasz wp\u0142yw"},"content":{"rendered":"<p>Budowanie bogactwa spo\u0142eczno\u015bci (CWB) mo\u017ce mie\u0107 transformacyjny wp\u0142yw na mieszka\u0144c\u00f3w i dzielnice. CWB tworzy przedsi\u0119biorstwa b\u0119d\u0105ce w\u0142asno\u015bci\u0105 spo\u0142eczno\u015bci, miejsca pracy za pensj\u0119 wystarczaj\u0105c\u0105 na \u017cycie i nieruchomo\u015bci, kt\u00f3re s\u0105 dost\u0119pne na sta\u0142e. Projekty CWB poprawiaj\u0105 uczestnictwo spo\u0142eczno\u015bci, demokratyczne podejmowanie decyzji i zbiorowe rozwi\u0105zywanie problem\u00f3w. Chicagowska inicjatywa CWB zwi\u0119kszy \u015bwiadomo\u015b\u0107 na temat modeli CWB, pog\u0142\u0119bi potencja\u0142 organizacyjny, wzmocni ekosystem Chicago i stworzy bardziej sprawiedliwe i zr\u00f3wnowa\u017cone miasto.<\/p>","protected":false},"excerpt":{"rendered":"<p>Budowanie bogactwa spo\u0142eczno\u015bci (CWB) mo\u017ce mie\u0107 transformacyjny wp\u0142yw na mieszka\u0144c\u00f3w i dzielnice. CWB tworzy przedsi\u0119biorstwa b\u0119d\u0105ce w\u0142asno\u015bci\u0105 spo\u0142eczno\u015bci, miejsca pracy za pensj\u0119 zapewniaj\u0105c\u0105 utrzymanie i nieruchomo\u015bci, kt\u00f3re s\u0105 dost\u0119pne na sta\u0142e. Projekty CWB poprawiaj\u0105 uczestnictwo spo\u0142eczno\u015bci, demokratyczne podejmowanie decyzji i zbiorowe rozwi\u0105zywanie problem\u00f3w. Chicagowska inicjatywa CWB zwi\u0119kszy \u015bwiadomo\u015b\u0107 na temat modeli CWB, pog\u0142\u0119bi potencja\u0142 organizacyjny, wzmocni ekosystem Chicago oraz stworzy bardziej sprawiedliwe i [\u2026]<\/p>","protected":false},"author":1,"featured_media":0,"parent":0,"menu_order":0,"comment_status":"closed","ping_status":"closed","template":"templates\/impact-template.php","meta":{"_acf_changed":false,"footnotes":""},"class_list":["post-3582","page","type-page","status-publish","hentry"],"acf":[],"_links":{"self":[{"href":"https:\/\/ccwbe.org\/pl\/wp-json\/wp\/v2\/pages\/3582","targetHints":{"allow":["GET"]}}],"collection":[{"href":"https:\/\/ccwbe.org\/pl\/wp-json\/wp\/v2\/pages"}],"about":[{"href":"https:\/\/ccwbe.org\/pl\/wp-json\/wp\/v2\/types\/page"}],"author":[{"embeddable":true,"href":"https:\/\/ccwbe.org\/pl\/wp-json\/wp\/v2\/users\/1"}],"replies":[{"embeddable":true,"href":"https:\/\/ccwbe.org\/pl\/wp-json\/wp\/v2\/comments?post=3582"}],"version-history":[{"count":0,"href":"https:\/\/ccwbe.org\/pl\/wp-json\/wp\/v2\/pages\/3582\/revisions"}],"wp:attachment":[{"href":"https:\/\/ccwbe.org\/pl\/wp-json\/wp\/v2\/media?parent=3582"}],"curies":[{"name":"wp","href":"https:\/\/api.w.org\/{rel}","templated":true}]}}