{"id":2974,"date":"2023-10-20T09:29:07","date_gmt":"2023-10-20T14:29:07","guid":{"rendered":"https:\/\/ccwbe.org\/?page_id=2974"},"modified":"2024-05-06T07:23:26","modified_gmt":"2024-05-06T12:23:26","slug":"assessment-tool","status":"publish","type":"page","link":"https:\/\/ccwbe.org\/pl\/assessment-tool\/","title":{"rendered":"Czy Twoja organizacja jest gotowa na pomoc techniczn\u0105?"},"content":{"rendered":"<div class=\"col-md-6\">\n<h4>Co to jest pomoc techniczna?<\/h4>\n<p>Wielu partner\u00f3w znajduj\u0105cych si\u0119 w katalogu zapewnia pomoc techniczn\u0105, czyli wysokospecjalistyczne wsparcie CWB dla projekt\u00f3w na ka\u017cdym etapie ich realizacji. Dostawcy TA oferuj\u0105 szerok\u0105 gam\u0119 us\u0142ug i wsparcia. Mog\u0105 pom\u00f3c Ci opracowa\u0107 biznesplan, stworzy\u0107 prognozy finansowe, legalnie w\u0142\u0105czy\u0107 firm\u0119 i pokona\u0107 szereg innych krok\u00f3w i wyzwa\u0144 na Twojej drodze do CWB!<\/p>\n<\/div>\n<div class=\"col-md-6\">\n<h4>Jak to dzia\u0142a?<\/h4>\n<p>To narz\u0119dzie pomo\u017ce oceni\u0107, na kt\u00f3rym etapie podr\u00f3\u017cy do CWB znajduje si\u0119 Twoja organizacja, za pomoc\u0105 kilku kr\u00f3tkich pyta\u0144 typu \u201etak\u201d lub \u201enie\u201d. Je\u015bli dopiero zaczynasz, zostaniesz poprowadzony do zasobu, kt\u00f3ry pomo\u017ce Ci okre\u015bli\u0107 kolejne kroki. Je\u015bli jeste\u015b nieco dalej, otrzymasz list\u0119 partner\u00f3w, kt\u00f3rzy najlepiej nadaj\u0105 si\u0119 do wsparcia Twojej pracy. Wracaj tak cz\u0119sto, jak chcesz \u2014 Twoje potrzeby w zakresie pomocy technicznej mog\u0105 z czasem si\u0119 zmienia\u0107!<\/p>\n<\/div>","protected":false},"excerpt":{"rendered":"<p>Co to jest pomoc techniczna? Wielu partner\u00f3w znajduj\u0105cych si\u0119 w katalogu zapewnia pomoc techniczn\u0105, czyli wysokospecjalistyczne wsparcie CWB dla projekt\u00f3w na ka\u017cdym etapie ich realizacji. Dostawcy TA oferuj\u0105 szerok\u0105 gam\u0119 us\u0142ug i wsparcia. Mog\u0105 pom\u00f3c Ci w opracowaniu biznesplanu, stworzeniu prognoz finansowych, prawnej rejestracji i poruszaniu si\u0119 po szeregu innych [\u2026]<\/p>","protected":false},"author":1,"featured_media":4635,"parent":0,"menu_order":0,"comment_status":"closed","ping_status":"closed","template":"templates\/assesment-tool.php","meta":{"_acf_changed":false,"footnotes":""},"class_list":["post-2974","page","type-page","status-publish","has-post-thumbnail","hentry"],"acf":[],"_links":{"self":[{"href":"https:\/\/ccwbe.org\/pl\/wp-json\/wp\/v2\/pages\/2974","targetHints":{"allow":["GET"]}}],"collection":[{"href":"https:\/\/ccwbe.org\/pl\/wp-json\/wp\/v2\/pages"}],"about":[{"href":"https:\/\/ccwbe.org\/pl\/wp-json\/wp\/v2\/types\/page"}],"author":[{"embeddable":true,"href":"https:\/\/ccwbe.org\/pl\/wp-json\/wp\/v2\/users\/1"}],"replies":[{"embeddable":true,"href":"https:\/\/ccwbe.org\/pl\/wp-json\/wp\/v2\/comments?post=2974"}],"version-history":[{"count":0,"href":"https:\/\/ccwbe.org\/pl\/wp-json\/wp\/v2\/pages\/2974\/revisions"}],"wp:featuredmedia":[{"embeddable":true,"href":"https:\/\/ccwbe.org\/pl\/wp-json\/wp\/v2\/media\/4635"}],"wp:attachment":[{"href":"https:\/\/ccwbe.org\/pl\/wp-json\/wp\/v2\/media?parent=2974"}],"curies":[{"name":"wp","href":"https:\/\/api.w.org\/{rel}","templated":true}]}}