{"id":207,"date":"2023-08-10T10:08:21","date_gmt":"2023-08-10T10:08:21","guid":{"rendered":"https:\/\/ccwb.wpenginepowered.com\/?page_id=207"},"modified":"2025-04-26T21:31:38","modified_gmt":"2025-04-27T02:31:38","slug":"about","status":"publish","type":"page","link":"https:\/\/ccwbe.org\/pl\/about\/","title":{"rendered":"O"},"content":{"rendered":"<p>By\u0107 mo\u017ce jeste\u015b artyst\u0105, kt\u00f3ry chcia\u0142by przedstawi\u0107 siebie i swoj\u0105 tw\u00f3rczo\u015b\u0107, a mo\u017ce prowadzisz firm\u0119 z misj\u0105 opisywania.<\/p>\r\n\r\n<div id=\"tango-capture-box\" style=\"--tango-capture-box-background-color: transparent;--tango-capture-box-color: #FF7442\">\u00a0<\/div>","protected":false},"excerpt":{"rendered":"<p>By\u0107 mo\u017ce jeste\u015b artyst\u0105, kt\u00f3ry chcia\u0142by przedstawi\u0107 siebie i swoj\u0105 tw\u00f3rczo\u015b\u0107, a mo\u017ce prowadzisz firm\u0119 z misj\u0105 opisywania. \u00a0<\/p>","protected":false},"author":1,"featured_media":0,"parent":0,"menu_order":0,"comment_status":"closed","ping_status":"closed","template":"templates\/about.php","meta":{"_acf_changed":false,"footnotes":""},"class_list":["post-207","page","type-page","status-publish","hentry"],"acf":[],"_links":{"self":[{"href":"https:\/\/ccwbe.org\/pl\/wp-json\/wp\/v2\/pages\/207","targetHints":{"allow":["GET"]}}],"collection":[{"href":"https:\/\/ccwbe.org\/pl\/wp-json\/wp\/v2\/pages"}],"about":[{"href":"https:\/\/ccwbe.org\/pl\/wp-json\/wp\/v2\/types\/page"}],"author":[{"embeddable":true,"href":"https:\/\/ccwbe.org\/pl\/wp-json\/wp\/v2\/users\/1"}],"replies":[{"embeddable":true,"href":"https:\/\/ccwbe.org\/pl\/wp-json\/wp\/v2\/comments?post=207"}],"version-history":[{"count":0,"href":"https:\/\/ccwbe.org\/pl\/wp-json\/wp\/v2\/pages\/207\/revisions"}],"wp:attachment":[{"href":"https:\/\/ccwbe.org\/pl\/wp-json\/wp\/v2\/media?parent=207"}],"curies":[{"name":"wp","href":"https:\/\/api.w.org\/{rel}","templated":true}]}}