{"id":3582,"date":"2023-11-09T07:29:36","date_gmt":"2023-11-09T13:29:36","guid":{"rendered":"https:\/\/ccwbe.org\/?page_id=3582"},"modified":"2023-12-19T16:03:45","modified_gmt":"2023-12-19T22:03:45","slug":"our-impact","status":"publish","type":"page","link":"https:\/\/ccwbe.org\/es\/our-impact\/","title":{"rendered":"Nuestro Impacto"},"content":{"rendered":"<p>La creaci\u00f3n de riqueza comunitaria (CWB) puede tener efectos transformadores en los residentes y los vecindarios. CWB crea empresas de propiedad comunitaria, empleos con salarios dignos y propiedades permanentemente asequibles. Los proyectos del CWB mejoran la participaci\u00f3n comunitaria, la toma de decisiones democr\u00e1tica y la resoluci\u00f3n colectiva de problemas. La Iniciativa CWB de Chicago aumentar\u00e1 la conciencia sobre los modelos CWB, profundizar\u00e1 la capacidad organizacional, fortalecer\u00e1 el ecosistema de Chicago y crear\u00e1 una ciudad m\u00e1s equitativa y sostenible.<\/p>","protected":false},"excerpt":{"rendered":"<p>La creaci\u00f3n de riqueza comunitaria (CWB) puede tener efectos transformadores en los residentes y los vecindarios. CWB crea empresas de propiedad comunitaria, empleos con salarios dignos y propiedades permanentemente asequibles. Los proyectos del CWB mejoran la participaci\u00f3n comunitaria, la toma de decisiones democr\u00e1tica y la resoluci\u00f3n colectiva de problemas. La Iniciativa CWB de Chicago aumentar\u00e1 el conocimiento de los modelos CWB, profundizar\u00e1 la capacidad organizacional, fortalecer\u00e1 el ecosistema de Chicago y crear\u00e1 un entorno m\u00e1s equitativo y [\u2026]<\/p>","protected":false},"author":1,"featured_media":0,"parent":0,"menu_order":0,"comment_status":"closed","ping_status":"closed","template":"templates\/impact-template.php","meta":{"_acf_changed":false,"footnotes":""},"class_list":["post-3582","page","type-page","status-publish","hentry"],"acf":[],"_links":{"self":[{"href":"https:\/\/ccwbe.org\/es\/wp-json\/wp\/v2\/pages\/3582","targetHints":{"allow":["GET"]}}],"collection":[{"href":"https:\/\/ccwbe.org\/es\/wp-json\/wp\/v2\/pages"}],"about":[{"href":"https:\/\/ccwbe.org\/es\/wp-json\/wp\/v2\/types\/page"}],"author":[{"embeddable":true,"href":"https:\/\/ccwbe.org\/es\/wp-json\/wp\/v2\/users\/1"}],"replies":[{"embeddable":true,"href":"https:\/\/ccwbe.org\/es\/wp-json\/wp\/v2\/comments?post=3582"}],"version-history":[{"count":0,"href":"https:\/\/ccwbe.org\/es\/wp-json\/wp\/v2\/pages\/3582\/revisions"}],"wp:attachment":[{"href":"https:\/\/ccwbe.org\/es\/wp-json\/wp\/v2\/media?parent=3582"}],"curies":[{"name":"wp","href":"https:\/\/api.w.org\/{rel}","templated":true}]}}